{"id":979,"date":"2025-08-22T23:00:06","date_gmt":"2025-08-22T23:00:06","guid":{"rendered":""},"modified":"2026-04-15T15:50:02","modified_gmt":"2026-04-15T15:50:02","slug":"s-biotic","status":"publish","type":"product","link":"https:\/\/stubbs.pt\/en\/products\/saudebemestar\/s-biotic\/","title":{"rendered":"S-Biotic"},"content":{"rendered":"","protected":false},"featured_media":986,"parent":0,"template":"","animal":[2,3],"category_type":[1],"necessidade":[22],"sub_necessidade":[25],"class_list":["post-979","product","type-product","status-publish","has-post-thumbnail","hentry","animal-cao","animal-gato","category_type-saude-bem-estar","necessidade-veterinary-care","sub_necessidade-gastrointestinal"],"acf":[],"yoast_head":"<!-- This site is optimized with the Yoast SEO plugin v20.11 - https:\/\/yoast.com\/wordpress\/plugins\/seo\/ -->\n<title>S-Biotic - STUBBS.<\/title>\n<meta name=\"description\" content=\"Stubbs\u00ae S-Biotic \u00e9 uma f\u00f3rmula completa, especialmente desenvolvida para o suporte da fun\u00e7\u00e3o gastrointestinal de c\u00e3es e gatos.\" \/>\n<meta name=\"robots\" content=\"index, follow, max-snippet:-1, max-image-preview:large, max-video-preview:-1\" \/>\n<link rel=\"canonical\" href=\"https:\/\/stubbs.pt\/en\/products\/saudebemestar\/s-biotic\/\" \/>\n<meta property=\"og:locale\" content=\"en_US\" \/>\n<meta property=\"og:type\" content=\"article\" \/>\n<meta property=\"og:title\" content=\"S-Biotic - STUBBS.\" \/>\n<meta property=\"og:description\" content=\"Stubbs\u00ae S-Biotic \u00e9 uma f\u00f3rmula completa, especialmente desenvolvida para o suporte da fun\u00e7\u00e3o gastrointestinal de c\u00e3es e gatos.\" \/>\n<meta property=\"og:url\" content=\"https:\/\/stubbs.pt\/en\/products\/saudebemestar\/s-biotic\/\" \/>\n<meta property=\"og:site_name\" content=\"STUBBS.\" \/>\n<meta property=\"article:modified_time\" content=\"2026-04-15T15:50:02+00:00\" \/>\n<meta property=\"og:image\" content=\"https:\/\/stubbs.pt\/wp-content\/uploads\/2025\/08\/Design-sem-nome-52.png\" \/>\n\t<meta property=\"og:image:width\" content=\"800\" \/>\n\t<meta property=\"og:image:height\" content=\"800\" \/>\n\t<meta property=\"og:image:type\" content=\"image\/png\" \/>\n<meta name=\"twitter:card\" content=\"summary_large_image\" \/>\n<script type=\"application\/ld+json\" class=\"yoast-schema-graph\">{\"@context\":\"https:\/\/schema.org\",\"@graph\":[{\"@type\":\"WebPage\",\"@id\":\"https:\/\/stubbs.pt\/products\/saudebemestar\/s-biotic\/\",\"url\":\"https:\/\/stubbs.pt\/products\/saudebemestar\/s-biotic\/\",\"name\":\"S-Biotic - STUBBS.\",\"isPartOf\":{\"@id\":\"https:\/\/stubbs.pt\/#website\"},\"datePublished\":\"2025-08-22T23:00:06+00:00\",\"dateModified\":\"2026-04-15T15:50:02+00:00\",\"description\":\"Stubbs\u00ae S-Biotic \u00e9 uma f\u00f3rmula completa, especialmente desenvolvida para o suporte da fun\u00e7\u00e3o gastrointestinal de c\u00e3es e gatos.\",\"breadcrumb\":{\"@id\":\"https:\/\/stubbs.pt\/products\/saudebemestar\/s-biotic\/#breadcrumb\"},\"inLanguage\":\"en-US\",\"potentialAction\":[{\"@type\":\"ReadAction\",\"target\":[\"https:\/\/stubbs.pt\/products\/saudebemestar\/s-biotic\/\"]}]},{\"@type\":\"BreadcrumbList\",\"@id\":\"https:\/\/stubbs.pt\/products\/saudebemestar\/s-biotic\/#breadcrumb\",\"itemListElement\":[{\"@type\":\"ListItem\",\"position\":1,\"name\":\"In\u00edcio\",\"item\":\"https:\/\/stubbs.pt\/\"},{\"@type\":\"ListItem\",\"position\":2,\"name\":\"Products\",\"item\":\"https:\/\/stubbs.pt\/products\/\"},{\"@type\":\"ListItem\",\"position\":3,\"name\":\"S-Biotic\"}]},{\"@type\":\"WebSite\",\"@id\":\"https:\/\/stubbs.pt\/#website\",\"url\":\"https:\/\/stubbs.pt\/\",\"name\":\"STUBBS.\",\"description\":\"Solu\u00e7\u00f5es tecnol\u00f3gicas para uso veterin\u00e1rio\",\"potentialAction\":[{\"@type\":\"SearchAction\",\"target\":{\"@type\":\"EntryPoint\",\"urlTemplate\":\"https:\/\/stubbs.pt\/?s={search_term_string}\"},\"query-input\":\"required name=search_term_string\"}],\"inLanguage\":\"en-US\"}]}<\/script>\n<!-- \/ Yoast SEO plugin. -->","yoast_head_json":{"title":"S-Biotic - STUBBS.","description":"Stubbs\u00ae S-Biotic \u00e9 uma f\u00f3rmula completa, especialmente desenvolvida para o suporte da fun\u00e7\u00e3o gastrointestinal de c\u00e3es e gatos.","robots":{"index":"index","follow":"follow","max-snippet":"max-snippet:-1","max-image-preview":"max-image-preview:large","max-video-preview":"max-video-preview:-1"},"canonical":"https:\/\/stubbs.pt\/en\/products\/saudebemestar\/s-biotic\/","og_locale":"en_US","og_type":"article","og_title":"S-Biotic - STUBBS.","og_description":"Stubbs\u00ae S-Biotic \u00e9 uma f\u00f3rmula completa, especialmente desenvolvida para o suporte da fun\u00e7\u00e3o gastrointestinal de c\u00e3es e gatos.","og_url":"https:\/\/stubbs.pt\/en\/products\/saudebemestar\/s-biotic\/","og_site_name":"STUBBS.","article_modified_time":"2026-04-15T15:50:02+00:00","og_image":[{"width":800,"height":800,"url":"https:\/\/stubbs.pt\/wp-content\/uploads\/2025\/08\/Design-sem-nome-52.png","type":"image\/png"}],"twitter_card":"summary_large_image","schema":{"@context":"https:\/\/schema.org","@graph":[{"@type":"WebPage","@id":"https:\/\/stubbs.pt\/products\/saudebemestar\/s-biotic\/","url":"https:\/\/stubbs.pt\/products\/saudebemestar\/s-biotic\/","name":"S-Biotic - STUBBS.","isPartOf":{"@id":"https:\/\/stubbs.pt\/#website"},"datePublished":"2025-08-22T23:00:06+00:00","dateModified":"2026-04-15T15:50:02+00:00","description":"Stubbs\u00ae S-Biotic \u00e9 uma f\u00f3rmula completa, especialmente desenvolvida para o suporte da fun\u00e7\u00e3o gastrointestinal de c\u00e3es e gatos.","breadcrumb":{"@id":"https:\/\/stubbs.pt\/products\/saudebemestar\/s-biotic\/#breadcrumb"},"inLanguage":"en-US","potentialAction":[{"@type":"ReadAction","target":["https:\/\/stubbs.pt\/products\/saudebemestar\/s-biotic\/"]}]},{"@type":"BreadcrumbList","@id":"https:\/\/stubbs.pt\/products\/saudebemestar\/s-biotic\/#breadcrumb","itemListElement":[{"@type":"ListItem","position":1,"name":"In\u00edcio","item":"https:\/\/stubbs.pt\/"},{"@type":"ListItem","position":2,"name":"Products","item":"https:\/\/stubbs.pt\/products\/"},{"@type":"ListItem","position":3,"name":"S-Biotic"}]},{"@type":"WebSite","@id":"https:\/\/stubbs.pt\/#website","url":"https:\/\/stubbs.pt\/","name":"STUBBS.","description":"Solu\u00e7\u00f5es tecnol\u00f3gicas para uso veterin\u00e1rio","potentialAction":[{"@type":"SearchAction","target":{"@type":"EntryPoint","urlTemplate":"https:\/\/stubbs.pt\/?s={search_term_string}"},"query-input":"required name=search_term_string"}],"inLanguage":"en-US"}]}},"_links":{"self":[{"href":"https:\/\/stubbs.pt\/en\/wp-json\/wp\/v2\/product\/979","targetHints":{"allow":["GET"]}}],"collection":[{"href":"https:\/\/stubbs.pt\/en\/wp-json\/wp\/v2\/product"}],"about":[{"href":"https:\/\/stubbs.pt\/en\/wp-json\/wp\/v2\/types\/product"}],"wp:featuredmedia":[{"embeddable":true,"href":"https:\/\/stubbs.pt\/en\/wp-json\/wp\/v2\/media\/986"}],"wp:attachment":[{"href":"https:\/\/stubbs.pt\/en\/wp-json\/wp\/v2\/media?parent=979"}],"wp:term":[{"taxonomy":"animal","embeddable":true,"href":"https:\/\/stubbs.pt\/en\/wp-json\/wp\/v2\/animal?post=979"},{"taxonomy":"category_type","embeddable":true,"href":"https:\/\/stubbs.pt\/en\/wp-json\/wp\/v2\/category_type?post=979"},{"taxonomy":"necessidade","embeddable":true,"href":"https:\/\/stubbs.pt\/en\/wp-json\/wp\/v2\/necessidade?post=979"},{"taxonomy":"sub_necessidade","embeddable":true,"href":"https:\/\/stubbs.pt\/en\/wp-json\/wp\/v2\/sub_necessidade?post=979"}],"curies":[{"name":"wp","href":"https:\/\/api.w.org\/{rel}","templated":true}]}}