{"id":714,"date":"2023-07-13T09:51:01","date_gmt":"2023-07-13T09:51:01","guid":{"rendered":""},"modified":"2026-04-15T15:50:02","modified_gmt":"2026-04-15T15:50:02","slug":"s-derm","status":"publish","type":"product","link":"https:\/\/stubbs.pt\/en\/products\/peleepelo\/s-derm\/","title":{"rendered":"S-Derm"},"content":{"rendered":"","protected":false},"featured_media":885,"parent":0,"template":"","animal":[2,3],"category_type":[20],"necessidade":[22],"sub_necessidade":[29],"class_list":["post-714","product","type-product","status-publish","has-post-thumbnail","hentry","animal-cao","animal-gato","category_type-pele-e-pelo","necessidade-veterinary-care","sub_necessidade-pele-e-pelo"],"acf":[],"yoast_head":"<!-- This site is optimized with the Yoast SEO plugin v20.11 - https:\/\/yoast.com\/wordpress\/plugins\/seo\/ -->\n<title>S-Derm - STUBBS.<\/title>\n<meta name=\"robots\" content=\"index, follow, max-snippet:-1, max-image-preview:large, max-video-preview:-1\" \/>\n<link rel=\"canonical\" href=\"https:\/\/stubbs.pt\/en\/products\/peleepelo\/s-derm\/\" \/>\n<meta property=\"og:locale\" content=\"en_US\" \/>\n<meta property=\"og:type\" content=\"article\" \/>\n<meta property=\"og:title\" content=\"S-Derm - STUBBS.\" \/>\n<meta property=\"og:url\" content=\"https:\/\/stubbs.pt\/en\/products\/peleepelo\/s-derm\/\" \/>\n<meta property=\"og:site_name\" content=\"STUBBS.\" \/>\n<meta property=\"article:modified_time\" content=\"2026-04-15T15:50:02+00:00\" \/>\n<meta property=\"og:image\" content=\"https:\/\/stubbs.pt\/wp-content\/uploads\/2023\/07\/stubbs-s-derm.png\" \/>\n\t<meta property=\"og:image:width\" content=\"800\" \/>\n\t<meta property=\"og:image:height\" content=\"800\" \/>\n\t<meta property=\"og:image:type\" content=\"image\/png\" \/>\n<meta name=\"twitter:card\" content=\"summary_large_image\" \/>\n<script type=\"application\/ld+json\" class=\"yoast-schema-graph\">{\"@context\":\"https:\/\/schema.org\",\"@graph\":[{\"@type\":\"WebPage\",\"@id\":\"https:\/\/stubbs.pt\/products\/peleepelo\/s-derm\/\",\"url\":\"https:\/\/stubbs.pt\/products\/peleepelo\/s-derm\/\",\"name\":\"S-Derm - STUBBS.\",\"isPartOf\":{\"@id\":\"https:\/\/stubbs.pt\/#website\"},\"datePublished\":\"2023-07-13T09:51:01+00:00\",\"dateModified\":\"2026-04-15T15:50:02+00:00\",\"breadcrumb\":{\"@id\":\"https:\/\/stubbs.pt\/products\/peleepelo\/s-derm\/#breadcrumb\"},\"inLanguage\":\"en-US\",\"potentialAction\":[{\"@type\":\"ReadAction\",\"target\":[\"https:\/\/stubbs.pt\/products\/peleepelo\/s-derm\/\"]}]},{\"@type\":\"BreadcrumbList\",\"@id\":\"https:\/\/stubbs.pt\/products\/peleepelo\/s-derm\/#breadcrumb\",\"itemListElement\":[{\"@type\":\"ListItem\",\"position\":1,\"name\":\"In\u00edcio\",\"item\":\"https:\/\/stubbs.pt\/\"},{\"@type\":\"ListItem\",\"position\":2,\"name\":\"Products\",\"item\":\"https:\/\/stubbs.pt\/products\/\"},{\"@type\":\"ListItem\",\"position\":3,\"name\":\"S-Derm\"}]},{\"@type\":\"WebSite\",\"@id\":\"https:\/\/stubbs.pt\/#website\",\"url\":\"https:\/\/stubbs.pt\/\",\"name\":\"STUBBS.\",\"description\":\"Solu\u00e7\u00f5es tecnol\u00f3gicas para uso veterin\u00e1rio\",\"potentialAction\":[{\"@type\":\"SearchAction\",\"target\":{\"@type\":\"EntryPoint\",\"urlTemplate\":\"https:\/\/stubbs.pt\/?s={search_term_string}\"},\"query-input\":\"required name=search_term_string\"}],\"inLanguage\":\"en-US\"}]}<\/script>\n<!-- \/ Yoast SEO plugin. -->","yoast_head_json":{"title":"S-Derm - STUBBS.","robots":{"index":"index","follow":"follow","max-snippet":"max-snippet:-1","max-image-preview":"max-image-preview:large","max-video-preview":"max-video-preview:-1"},"canonical":"https:\/\/stubbs.pt\/en\/products\/peleepelo\/s-derm\/","og_locale":"en_US","og_type":"article","og_title":"S-Derm - STUBBS.","og_url":"https:\/\/stubbs.pt\/en\/products\/peleepelo\/s-derm\/","og_site_name":"STUBBS.","article_modified_time":"2026-04-15T15:50:02+00:00","og_image":[{"width":800,"height":800,"url":"https:\/\/stubbs.pt\/wp-content\/uploads\/2023\/07\/stubbs-s-derm.png","type":"image\/png"}],"twitter_card":"summary_large_image","schema":{"@context":"https:\/\/schema.org","@graph":[{"@type":"WebPage","@id":"https:\/\/stubbs.pt\/products\/peleepelo\/s-derm\/","url":"https:\/\/stubbs.pt\/products\/peleepelo\/s-derm\/","name":"S-Derm - STUBBS.","isPartOf":{"@id":"https:\/\/stubbs.pt\/#website"},"datePublished":"2023-07-13T09:51:01+00:00","dateModified":"2026-04-15T15:50:02+00:00","breadcrumb":{"@id":"https:\/\/stubbs.pt\/products\/peleepelo\/s-derm\/#breadcrumb"},"inLanguage":"en-US","potentialAction":[{"@type":"ReadAction","target":["https:\/\/stubbs.pt\/products\/peleepelo\/s-derm\/"]}]},{"@type":"BreadcrumbList","@id":"https:\/\/stubbs.pt\/products\/peleepelo\/s-derm\/#breadcrumb","itemListElement":[{"@type":"ListItem","position":1,"name":"In\u00edcio","item":"https:\/\/stubbs.pt\/"},{"@type":"ListItem","position":2,"name":"Products","item":"https:\/\/stubbs.pt\/products\/"},{"@type":"ListItem","position":3,"name":"S-Derm"}]},{"@type":"WebSite","@id":"https:\/\/stubbs.pt\/#website","url":"https:\/\/stubbs.pt\/","name":"STUBBS.","description":"Solu\u00e7\u00f5es tecnol\u00f3gicas para uso veterin\u00e1rio","potentialAction":[{"@type":"SearchAction","target":{"@type":"EntryPoint","urlTemplate":"https:\/\/stubbs.pt\/?s={search_term_string}"},"query-input":"required name=search_term_string"}],"inLanguage":"en-US"}]}},"_links":{"self":[{"href":"https:\/\/stubbs.pt\/en\/wp-json\/wp\/v2\/product\/714","targetHints":{"allow":["GET"]}}],"collection":[{"href":"https:\/\/stubbs.pt\/en\/wp-json\/wp\/v2\/product"}],"about":[{"href":"https:\/\/stubbs.pt\/en\/wp-json\/wp\/v2\/types\/product"}],"wp:featuredmedia":[{"embeddable":true,"href":"https:\/\/stubbs.pt\/en\/wp-json\/wp\/v2\/media\/885"}],"wp:attachment":[{"href":"https:\/\/stubbs.pt\/en\/wp-json\/wp\/v2\/media?parent=714"}],"wp:term":[{"taxonomy":"animal","embeddable":true,"href":"https:\/\/stubbs.pt\/en\/wp-json\/wp\/v2\/animal?post=714"},{"taxonomy":"category_type","embeddable":true,"href":"https:\/\/stubbs.pt\/en\/wp-json\/wp\/v2\/category_type?post=714"},{"taxonomy":"necessidade","embeddable":true,"href":"https:\/\/stubbs.pt\/en\/wp-json\/wp\/v2\/necessidade?post=714"},{"taxonomy":"sub_necessidade","embeddable":true,"href":"https:\/\/stubbs.pt\/en\/wp-json\/wp\/v2\/sub_necessidade?post=714"}],"curies":[{"name":"wp","href":"https:\/\/api.w.org\/{rel}","templated":true}]}}